{"id":10,"date":"2020-11-27T10:03:02","date_gmt":"2020-11-27T10:03:02","guid":{"rendered":"http:\/\/strefaluksusu.pl\/blog\/?page_id=10"},"modified":"2021-11-30T14:10:22","modified_gmt":"2021-11-30T14:10:22","slug":"kontakt","status":"publish","type":"page","link":"https:\/\/www.strefaluksusu.pl\/blog\/kontakt\/","title":{"rendered":"Kontakt"},"content":{"rendered":"\n<p><strong>Salon pokazowy:<br>Strefa Luksusu<\/strong><br>00-716 Warszawa<br>ul. Bartycka 24\/26<br>Pawilon&nbsp;165<\/p>\n\n\n\n<p><strong>Obs\u0142uga zam\u00f3wie\u0144 internetowych<\/strong><br><strong>Pawe\u0142<\/strong><br>505 782 666<br><a href=\"mailto:sklep@strefaluksusu.pl\">sklep@strefaluksusu.pl<\/a><br>poniedzia\u0142ek &#8211; pi\u0105tek 9:00 &#8211; 17:00<\/p>\n\n\n\n<p><\/p>\n\n\n\n<p><\/p>\n\n\n\n<p><strong>Obs\u0142uga architekt\u00f3w<\/strong><br><strong>Piotr<\/strong><br>516 022 910<br><a href=\"mailto:piotr@swiatlazienek.eu\">piotr@swiatlazienek.eu<\/a><br>poniedzia\u0142ek &#8211; pi\u0105tek 10:00 &#8211; 18:00<br>sobota &#8211; 10:00 &#8211; 15:00<\/p>\n\n\n\n<p><\/p>\n\n\n\n<p><\/p>\n\n\n\n<p><strong>Obs\u0142uga zam\u00f3wie\u0144 hurtowych i architekt\u00f3w<\/strong><br><strong>Marek<\/strong><br>783 043 083<br><a rel=\"noreferrer noopener\" href=\"mailto:piotr@swiatlazienek.eu\" target=\"_blank\">marek@swiatlazienek.eu<\/a><br>poniedzia\u0142ek &#8211; pi\u0105tek 10:00 &#8211; 18:00<br>sobota &#8211; 10:00 &#8211; 15:00<\/p>\n\n\n\n<iframe src=\"https:\/\/www.google.com\/maps\/embed?pb=!1m14!1m8!1m3!1d9778.30880993692!2d21.059197!3d52.2147304!3m2!1i1024!2i768!4f13.1!3m3!1m2!1s0x0%3A0xd2a5c45235ae5bb1!2sStrefa%20Luksusu!5e0!3m2!1spl!2spl!4v1638281403864!5m2!1spl!2spl\" width=\"600\" height=\"450\" style=\"border:0;\" allowfullscreen=\"\" loading=\"lazy\"><\/iframe>\n","protected":false},"excerpt":{"rendered":"<p>Salon pokazowy:Strefa Luksusu00-716 Warszawaul. Bartycka 24\/26Pawilon&nbsp;165 Obs\u0142uga zam\u00f3wie\u0144 internetowychPawe\u0142505 782 666sklep@strefaluksusu.plponiedzia\u0142ek &#8211; pi\u0105tek 9:00 &#8211; 17:00 Obs\u0142uga architekt\u00f3wPiotr516 022 910piotr@swiatlazienek.euponiedzia\u0142ek &#8211; pi\u0105tek 10:00 &#8211; 18:00sobota &#8211; 10:00 &#8211; 15:00 Obs\u0142uga zam\u00f3wie\u0144 hurtowych i architekt\u00f3wMarek783 043 083marek@swiatlazienek.euponiedzia\u0142ek &#8211; pi\u0105tek 10:00 &#8211; 18:00sobota &#8211; 10:00 &#8211; 15:00<\/p>\n","protected":false},"author":1,"featured_media":0,"parent":0,"menu_order":0,"comment_status":"closed","ping_status":"closed","template":"","meta":{"footnotes":""},"yoast_head":"<!-- This site is optimized with the Yoast SEO plugin v22.7 - https:\/\/yoast.com\/wordpress\/plugins\/seo\/ -->\n<title>Kontakt - Strefa Luksusu<\/title>\n<meta name=\"robots\" content=\"index, follow, max-snippet:-1, max-image-preview:large, max-video-preview:-1\" \/>\n<link rel=\"canonical\" href=\"https:\/\/www.strefaluksusu.pl\/blog\/kontakt\/\" \/>\n<meta property=\"og:locale\" content=\"pl_PL\" \/>\n<meta property=\"og:type\" content=\"article\" \/>\n<meta property=\"og:title\" content=\"Kontakt - Strefa Luksusu\" \/>\n<meta property=\"og:description\" content=\"Salon pokazowy:Strefa Luksusu00-716 Warszawaul. Bartycka 24\/26Pawilon&nbsp;165 Obs\u0142uga zam\u00f3wie\u0144 internetowychPawe\u0142505 782 666sklep@strefaluksusu.plponiedzia\u0142ek &#8211; pi\u0105tek 9:00 &#8211; 17:00 Obs\u0142uga architekt\u00f3wPiotr516 022 910piotr@swiatlazienek.euponiedzia\u0142ek &#8211; pi\u0105tek 10:00 &#8211; 18:00sobota &#8211; 10:00 &#8211; 15:00 Obs\u0142uga zam\u00f3wie\u0144 hurtowych i architekt\u00f3wMarek783 043 083marek@swiatlazienek.euponiedzia\u0142ek &#8211; pi\u0105tek 10:00 &#8211; 18:00sobota &#8211; 10:00 &#8211; 15:00\" \/>\n<meta property=\"og:url\" content=\"https:\/\/www.strefaluksusu.pl\/blog\/kontakt\/\" \/>\n<meta property=\"og:site_name\" content=\"Strefa Luksusu\" \/>\n<meta property=\"article:modified_time\" content=\"2021-11-30T14:10:22+00:00\" \/>\n<meta name=\"twitter:card\" content=\"summary_large_image\" \/>\n<script type=\"application\/ld+json\" class=\"yoast-schema-graph\">{\"@context\":\"https:\/\/schema.org\",\"@graph\":[{\"@type\":\"WebPage\",\"@id\":\"https:\/\/www.strefaluksusu.pl\/blog\/kontakt\/\",\"url\":\"https:\/\/www.strefaluksusu.pl\/blog\/kontakt\/\",\"name\":\"Kontakt - Strefa Luksusu\",\"isPartOf\":{\"@id\":\"https:\/\/www.strefaluksusu.pl\/blog\/#website\"},\"datePublished\":\"2020-11-27T10:03:02+00:00\",\"dateModified\":\"2021-11-30T14:10:22+00:00\",\"breadcrumb\":{\"@id\":\"https:\/\/www.strefaluksusu.pl\/blog\/kontakt\/#breadcrumb\"},\"inLanguage\":\"pl-PL\",\"potentialAction\":[{\"@type\":\"ReadAction\",\"target\":[\"https:\/\/www.strefaluksusu.pl\/blog\/kontakt\/\"]}]},{\"@type\":\"BreadcrumbList\",\"@id\":\"https:\/\/www.strefaluksusu.pl\/blog\/kontakt\/#breadcrumb\",\"itemListElement\":[{\"@type\":\"ListItem\",\"position\":1,\"name\":\"Strona g\u0142\u00f3wna\",\"item\":\"https:\/\/www.strefaluksusu.pl\/blog\/\"},{\"@type\":\"ListItem\",\"position\":2,\"name\":\"Kontakt\"}]},{\"@type\":\"WebSite\",\"@id\":\"https:\/\/www.strefaluksusu.pl\/blog\/#website\",\"url\":\"https:\/\/www.strefaluksusu.pl\/blog\/\",\"name\":\"Strefa Luksusu\",\"description\":\"Ekskluzywne, nowoczesne \u0142azienki\",\"publisher\":{\"@id\":\"https:\/\/www.strefaluksusu.pl\/blog\/#organization\"},\"potentialAction\":[{\"@type\":\"SearchAction\",\"target\":{\"@type\":\"EntryPoint\",\"urlTemplate\":\"https:\/\/www.strefaluksusu.pl\/blog\/?s={search_term_string}\"},\"query-input\":\"required name=search_term_string\"}],\"inLanguage\":\"pl-PL\"},{\"@type\":\"Organization\",\"@id\":\"https:\/\/www.strefaluksusu.pl\/blog\/#organization\",\"name\":\"Strefa Luksusu\",\"url\":\"https:\/\/www.strefaluksusu.pl\/blog\/\",\"logo\":{\"@type\":\"ImageObject\",\"inLanguage\":\"pl-PL\",\"@id\":\"https:\/\/www.strefaluksusu.pl\/blog\/#\/schema\/logo\/image\/\",\"url\":\"https:\/\/www.strefaluksusu.pl\/blog\/wp-content\/uploads\/2020\/11\/strefa-logo-wp.jpg\",\"contentUrl\":\"https:\/\/www.strefaluksusu.pl\/blog\/wp-content\/uploads\/2020\/11\/strefa-logo-wp.jpg\",\"width\":500,\"height\":374,\"caption\":\"Strefa Luksusu\"},\"image\":{\"@id\":\"https:\/\/www.strefaluksusu.pl\/blog\/#\/schema\/logo\/image\/\"}}]}<\/script>\n<!-- \/ Yoast SEO plugin. -->","yoast_head_json":{"title":"Kontakt - Strefa Luksusu","robots":{"index":"index","follow":"follow","max-snippet":"max-snippet:-1","max-image-preview":"max-image-preview:large","max-video-preview":"max-video-preview:-1"},"canonical":"https:\/\/www.strefaluksusu.pl\/blog\/kontakt\/","og_locale":"pl_PL","og_type":"article","og_title":"Kontakt - Strefa Luksusu","og_description":"Salon pokazowy:Strefa Luksusu00-716 Warszawaul. Bartycka 24\/26Pawilon&nbsp;165 Obs\u0142uga zam\u00f3wie\u0144 internetowychPawe\u0142505 782 666sklep@strefaluksusu.plponiedzia\u0142ek &#8211; pi\u0105tek 9:00 &#8211; 17:00 Obs\u0142uga architekt\u00f3wPiotr516 022 910piotr@swiatlazienek.euponiedzia\u0142ek &#8211; pi\u0105tek 10:00 &#8211; 18:00sobota &#8211; 10:00 &#8211; 15:00 Obs\u0142uga zam\u00f3wie\u0144 hurtowych i architekt\u00f3wMarek783 043 083marek@swiatlazienek.euponiedzia\u0142ek &#8211; pi\u0105tek 10:00 &#8211; 18:00sobota &#8211; 10:00 &#8211; 15:00","og_url":"https:\/\/www.strefaluksusu.pl\/blog\/kontakt\/","og_site_name":"Strefa Luksusu","article_modified_time":"2021-11-30T14:10:22+00:00","twitter_card":"summary_large_image","schema":{"@context":"https:\/\/schema.org","@graph":[{"@type":"WebPage","@id":"https:\/\/www.strefaluksusu.pl\/blog\/kontakt\/","url":"https:\/\/www.strefaluksusu.pl\/blog\/kontakt\/","name":"Kontakt - Strefa Luksusu","isPartOf":{"@id":"https:\/\/www.strefaluksusu.pl\/blog\/#website"},"datePublished":"2020-11-27T10:03:02+00:00","dateModified":"2021-11-30T14:10:22+00:00","breadcrumb":{"@id":"https:\/\/www.strefaluksusu.pl\/blog\/kontakt\/#breadcrumb"},"inLanguage":"pl-PL","potentialAction":[{"@type":"ReadAction","target":["https:\/\/www.strefaluksusu.pl\/blog\/kontakt\/"]}]},{"@type":"BreadcrumbList","@id":"https:\/\/www.strefaluksusu.pl\/blog\/kontakt\/#breadcrumb","itemListElement":[{"@type":"ListItem","position":1,"name":"Strona g\u0142\u00f3wna","item":"https:\/\/www.strefaluksusu.pl\/blog\/"},{"@type":"ListItem","position":2,"name":"Kontakt"}]},{"@type":"WebSite","@id":"https:\/\/www.strefaluksusu.pl\/blog\/#website","url":"https:\/\/www.strefaluksusu.pl\/blog\/","name":"Strefa Luksusu","description":"Ekskluzywne, nowoczesne \u0142azienki","publisher":{"@id":"https:\/\/www.strefaluksusu.pl\/blog\/#organization"},"potentialAction":[{"@type":"SearchAction","target":{"@type":"EntryPoint","urlTemplate":"https:\/\/www.strefaluksusu.pl\/blog\/?s={search_term_string}"},"query-input":"required name=search_term_string"}],"inLanguage":"pl-PL"},{"@type":"Organization","@id":"https:\/\/www.strefaluksusu.pl\/blog\/#organization","name":"Strefa Luksusu","url":"https:\/\/www.strefaluksusu.pl\/blog\/","logo":{"@type":"ImageObject","inLanguage":"pl-PL","@id":"https:\/\/www.strefaluksusu.pl\/blog\/#\/schema\/logo\/image\/","url":"https:\/\/www.strefaluksusu.pl\/blog\/wp-content\/uploads\/2020\/11\/strefa-logo-wp.jpg","contentUrl":"https:\/\/www.strefaluksusu.pl\/blog\/wp-content\/uploads\/2020\/11\/strefa-logo-wp.jpg","width":500,"height":374,"caption":"Strefa Luksusu"},"image":{"@id":"https:\/\/www.strefaluksusu.pl\/blog\/#\/schema\/logo\/image\/"}}]}},"_links":{"self":[{"href":"https:\/\/www.strefaluksusu.pl\/blog\/wp-json\/wp\/v2\/pages\/10"}],"collection":[{"href":"https:\/\/www.strefaluksusu.pl\/blog\/wp-json\/wp\/v2\/pages"}],"about":[{"href":"https:\/\/www.strefaluksusu.pl\/blog\/wp-json\/wp\/v2\/types\/page"}],"author":[{"embeddable":true,"href":"https:\/\/www.strefaluksusu.pl\/blog\/wp-json\/wp\/v2\/users\/1"}],"replies":[{"embeddable":true,"href":"https:\/\/www.strefaluksusu.pl\/blog\/wp-json\/wp\/v2\/comments?post=10"}],"version-history":[{"count":7,"href":"https:\/\/www.strefaluksusu.pl\/blog\/wp-json\/wp\/v2\/pages\/10\/revisions"}],"predecessor-version":[{"id":268,"href":"https:\/\/www.strefaluksusu.pl\/blog\/wp-json\/wp\/v2\/pages\/10\/revisions\/268"}],"wp:attachment":[{"href":"https:\/\/www.strefaluksusu.pl\/blog\/wp-json\/wp\/v2\/media?parent=10"}],"curies":[{"name":"wp","href":"https:\/\/api.w.org\/{rel}","templated":true}]}}