{"id":9,"date":"2020-11-27T10:03:02","date_gmt":"2020-11-27T10:03:02","guid":{"rendered":"http:\/\/strefaluksusu.pl\/blog\/?page_id=9"},"modified":"2021-11-30T14:06:54","modified_gmt":"2021-11-30T14:06:54","slug":"o-nas","status":"publish","type":"page","link":"https:\/\/www.strefaluksusu.pl\/blog\/o-nas\/","title":{"rendered":"O nas"},"content":{"rendered":"\n<p><strong>Strefa Luksusu<\/strong> powsta\u0142a z potrzeby wniesienia we wsp\u00f3\u0142czesn\u0105, surow\u0105 i cz\u0119sto zunifikowan\u0105 rzeczywisto\u015b\u0107 komfortu, luksusu i charakteru. Proponujemy Pa\u0144stwu wyj\u0105tkowe wyposa\u017cenie \u0142azienek, pe\u0142ne niepowtarzalnego wdzi\u0119ku. Stanie si\u0119 ono inspiracj\u0105 do stworzenia niesamowitych, oryginalnych i ekskluzywnych \u0142azienek. Chcieli\u015bmy da\u0107 Pa\u0144stwu szans\u0119 stworzenia w\u0142asnego kr\u00f3lestwa, w kt\u00f3rym zar\u00f3wno domownicy jak i go\u015bcie poczuj\u0105 si\u0119 luksusowo. Oferowane przez nas produkty zacieraj\u0105 granice mi\u0119dzy przesz\u0142o\u015bci\u0105 a wsp\u00f3\u0142czesno\u015bci\u0105, tym co stare i m\u0142ode, nieosi\u0105galne i dost\u0119pne. Naszym marzeniem jest wnie\u015b\u0107 w dzisiejsz\u0105 szar\u0105 i przewidywaln\u0105 stylistyk\u0119 odrobin\u0119 dawnego rozmachu, charakteru i finezji. T\u0105 pasj\u0105 chcemy si\u0119 podzieli\u0107 ze wszystkimi, kt\u00f3rzy podobnie jak my, t\u0119skni\u0105 za niebanalnymi, odwa\u017cnymi oraz ekskluzywnymi wn\u0119trzami.<\/p>\n","protected":false},"excerpt":{"rendered":"<p>Strefa Luksusu powsta\u0142a z potrzeby wniesienia we wsp\u00f3\u0142czesn\u0105, surow\u0105 i cz\u0119sto zunifikowan\u0105 rzeczywisto\u015b\u0107 komfortu, luksusu i charakteru. Proponujemy Pa\u0144stwu wyj\u0105tkowe wyposa\u017cenie \u0142azienek, pe\u0142ne niepowtarzalnego wdzi\u0119ku. Stanie si\u0119 ono inspiracj\u0105 do stworzenia niesamowitych, oryginalnych i ekskluzywnych \u0142azienek. Chcieli\u015bmy da\u0107 Pa\u0144stwu szans\u0119 stworzenia w\u0142asnego kr\u00f3lestwa, w kt\u00f3rym zar\u00f3wno domownicy jak i go\u015bcie [&hellip;]<\/p>\n","protected":false},"author":1,"featured_media":0,"parent":0,"menu_order":0,"comment_status":"closed","ping_status":"closed","template":"","meta":{"footnotes":""},"yoast_head":"<!-- This site is optimized with the Yoast SEO plugin v22.7 - https:\/\/yoast.com\/wordpress\/plugins\/seo\/ -->\n<title>O nas - Strefa Luksusu<\/title>\n<meta name=\"robots\" content=\"index, follow, max-snippet:-1, max-image-preview:large, max-video-preview:-1\" \/>\n<link rel=\"canonical\" href=\"https:\/\/www.strefaluksusu.pl\/blog\/o-nas\/\" \/>\n<meta property=\"og:locale\" content=\"pl_PL\" \/>\n<meta property=\"og:type\" content=\"article\" \/>\n<meta property=\"og:title\" content=\"O nas - Strefa Luksusu\" \/>\n<meta property=\"og:description\" content=\"Strefa Luksusu powsta\u0142a z potrzeby wniesienia we wsp\u00f3\u0142czesn\u0105, surow\u0105 i cz\u0119sto zunifikowan\u0105 rzeczywisto\u015b\u0107 komfortu, luksusu i charakteru. Proponujemy Pa\u0144stwu wyj\u0105tkowe wyposa\u017cenie \u0142azienek, pe\u0142ne niepowtarzalnego wdzi\u0119ku. Stanie si\u0119 ono inspiracj\u0105 do stworzenia niesamowitych, oryginalnych i ekskluzywnych \u0142azienek. Chcieli\u015bmy da\u0107 Pa\u0144stwu szans\u0119 stworzenia w\u0142asnego kr\u00f3lestwa, w kt\u00f3rym zar\u00f3wno domownicy jak i go\u015bcie [&hellip;]\" \/>\n<meta property=\"og:url\" content=\"https:\/\/www.strefaluksusu.pl\/blog\/o-nas\/\" \/>\n<meta property=\"og:site_name\" content=\"Strefa Luksusu\" \/>\n<meta property=\"article:modified_time\" content=\"2021-11-30T14:06:54+00:00\" \/>\n<meta name=\"twitter:card\" content=\"summary_large_image\" \/>\n<meta name=\"twitter:label1\" content=\"Szacowany czas czytania\" \/>\n\t<meta name=\"twitter:data1\" content=\"1 minuta\" \/>\n<script type=\"application\/ld+json\" class=\"yoast-schema-graph\">{\"@context\":\"https:\/\/schema.org\",\"@graph\":[{\"@type\":\"WebPage\",\"@id\":\"https:\/\/www.strefaluksusu.pl\/blog\/o-nas\/\",\"url\":\"https:\/\/www.strefaluksusu.pl\/blog\/o-nas\/\",\"name\":\"O nas - Strefa Luksusu\",\"isPartOf\":{\"@id\":\"https:\/\/www.strefaluksusu.pl\/blog\/#website\"},\"datePublished\":\"2020-11-27T10:03:02+00:00\",\"dateModified\":\"2021-11-30T14:06:54+00:00\",\"breadcrumb\":{\"@id\":\"https:\/\/www.strefaluksusu.pl\/blog\/o-nas\/#breadcrumb\"},\"inLanguage\":\"pl-PL\",\"potentialAction\":[{\"@type\":\"ReadAction\",\"target\":[\"https:\/\/www.strefaluksusu.pl\/blog\/o-nas\/\"]}]},{\"@type\":\"BreadcrumbList\",\"@id\":\"https:\/\/www.strefaluksusu.pl\/blog\/o-nas\/#breadcrumb\",\"itemListElement\":[{\"@type\":\"ListItem\",\"position\":1,\"name\":\"Strona g\u0142\u00f3wna\",\"item\":\"https:\/\/www.strefaluksusu.pl\/blog\/\"},{\"@type\":\"ListItem\",\"position\":2,\"name\":\"O nas\"}]},{\"@type\":\"WebSite\",\"@id\":\"https:\/\/www.strefaluksusu.pl\/blog\/#website\",\"url\":\"https:\/\/www.strefaluksusu.pl\/blog\/\",\"name\":\"Strefa Luksusu\",\"description\":\"Ekskluzywne, nowoczesne \u0142azienki\",\"publisher\":{\"@id\":\"https:\/\/www.strefaluksusu.pl\/blog\/#organization\"},\"potentialAction\":[{\"@type\":\"SearchAction\",\"target\":{\"@type\":\"EntryPoint\",\"urlTemplate\":\"https:\/\/www.strefaluksusu.pl\/blog\/?s={search_term_string}\"},\"query-input\":\"required name=search_term_string\"}],\"inLanguage\":\"pl-PL\"},{\"@type\":\"Organization\",\"@id\":\"https:\/\/www.strefaluksusu.pl\/blog\/#organization\",\"name\":\"Strefa Luksusu\",\"url\":\"https:\/\/www.strefaluksusu.pl\/blog\/\",\"logo\":{\"@type\":\"ImageObject\",\"inLanguage\":\"pl-PL\",\"@id\":\"https:\/\/www.strefaluksusu.pl\/blog\/#\/schema\/logo\/image\/\",\"url\":\"https:\/\/www.strefaluksusu.pl\/blog\/wp-content\/uploads\/2020\/11\/strefa-logo-wp.jpg\",\"contentUrl\":\"https:\/\/www.strefaluksusu.pl\/blog\/wp-content\/uploads\/2020\/11\/strefa-logo-wp.jpg\",\"width\":500,\"height\":374,\"caption\":\"Strefa Luksusu\"},\"image\":{\"@id\":\"https:\/\/www.strefaluksusu.pl\/blog\/#\/schema\/logo\/image\/\"}}]}<\/script>\n<!-- \/ Yoast SEO plugin. -->","yoast_head_json":{"title":"O nas - Strefa Luksusu","robots":{"index":"index","follow":"follow","max-snippet":"max-snippet:-1","max-image-preview":"max-image-preview:large","max-video-preview":"max-video-preview:-1"},"canonical":"https:\/\/www.strefaluksusu.pl\/blog\/o-nas\/","og_locale":"pl_PL","og_type":"article","og_title":"O nas - Strefa Luksusu","og_description":"Strefa Luksusu powsta\u0142a z potrzeby wniesienia we wsp\u00f3\u0142czesn\u0105, surow\u0105 i cz\u0119sto zunifikowan\u0105 rzeczywisto\u015b\u0107 komfortu, luksusu i charakteru. Proponujemy Pa\u0144stwu wyj\u0105tkowe wyposa\u017cenie \u0142azienek, pe\u0142ne niepowtarzalnego wdzi\u0119ku. Stanie si\u0119 ono inspiracj\u0105 do stworzenia niesamowitych, oryginalnych i ekskluzywnych \u0142azienek. Chcieli\u015bmy da\u0107 Pa\u0144stwu szans\u0119 stworzenia w\u0142asnego kr\u00f3lestwa, w kt\u00f3rym zar\u00f3wno domownicy jak i go\u015bcie [&hellip;]","og_url":"https:\/\/www.strefaluksusu.pl\/blog\/o-nas\/","og_site_name":"Strefa Luksusu","article_modified_time":"2021-11-30T14:06:54+00:00","twitter_card":"summary_large_image","twitter_misc":{"Szacowany czas czytania":"1 minuta"},"schema":{"@context":"https:\/\/schema.org","@graph":[{"@type":"WebPage","@id":"https:\/\/www.strefaluksusu.pl\/blog\/o-nas\/","url":"https:\/\/www.strefaluksusu.pl\/blog\/o-nas\/","name":"O nas - Strefa Luksusu","isPartOf":{"@id":"https:\/\/www.strefaluksusu.pl\/blog\/#website"},"datePublished":"2020-11-27T10:03:02+00:00","dateModified":"2021-11-30T14:06:54+00:00","breadcrumb":{"@id":"https:\/\/www.strefaluksusu.pl\/blog\/o-nas\/#breadcrumb"},"inLanguage":"pl-PL","potentialAction":[{"@type":"ReadAction","target":["https:\/\/www.strefaluksusu.pl\/blog\/o-nas\/"]}]},{"@type":"BreadcrumbList","@id":"https:\/\/www.strefaluksusu.pl\/blog\/o-nas\/#breadcrumb","itemListElement":[{"@type":"ListItem","position":1,"name":"Strona g\u0142\u00f3wna","item":"https:\/\/www.strefaluksusu.pl\/blog\/"},{"@type":"ListItem","position":2,"name":"O nas"}]},{"@type":"WebSite","@id":"https:\/\/www.strefaluksusu.pl\/blog\/#website","url":"https:\/\/www.strefaluksusu.pl\/blog\/","name":"Strefa Luksusu","description":"Ekskluzywne, nowoczesne \u0142azienki","publisher":{"@id":"https:\/\/www.strefaluksusu.pl\/blog\/#organization"},"potentialAction":[{"@type":"SearchAction","target":{"@type":"EntryPoint","urlTemplate":"https:\/\/www.strefaluksusu.pl\/blog\/?s={search_term_string}"},"query-input":"required name=search_term_string"}],"inLanguage":"pl-PL"},{"@type":"Organization","@id":"https:\/\/www.strefaluksusu.pl\/blog\/#organization","name":"Strefa Luksusu","url":"https:\/\/www.strefaluksusu.pl\/blog\/","logo":{"@type":"ImageObject","inLanguage":"pl-PL","@id":"https:\/\/www.strefaluksusu.pl\/blog\/#\/schema\/logo\/image\/","url":"https:\/\/www.strefaluksusu.pl\/blog\/wp-content\/uploads\/2020\/11\/strefa-logo-wp.jpg","contentUrl":"https:\/\/www.strefaluksusu.pl\/blog\/wp-content\/uploads\/2020\/11\/strefa-logo-wp.jpg","width":500,"height":374,"caption":"Strefa Luksusu"},"image":{"@id":"https:\/\/www.strefaluksusu.pl\/blog\/#\/schema\/logo\/image\/"}}]}},"_links":{"self":[{"href":"https:\/\/www.strefaluksusu.pl\/blog\/wp-json\/wp\/v2\/pages\/9"}],"collection":[{"href":"https:\/\/www.strefaluksusu.pl\/blog\/wp-json\/wp\/v2\/pages"}],"about":[{"href":"https:\/\/www.strefaluksusu.pl\/blog\/wp-json\/wp\/v2\/types\/page"}],"author":[{"embeddable":true,"href":"https:\/\/www.strefaluksusu.pl\/blog\/wp-json\/wp\/v2\/users\/1"}],"replies":[{"embeddable":true,"href":"https:\/\/www.strefaluksusu.pl\/blog\/wp-json\/wp\/v2\/comments?post=9"}],"version-history":[{"count":4,"href":"https:\/\/www.strefaluksusu.pl\/blog\/wp-json\/wp\/v2\/pages\/9\/revisions"}],"predecessor-version":[{"id":266,"href":"https:\/\/www.strefaluksusu.pl\/blog\/wp-json\/wp\/v2\/pages\/9\/revisions\/266"}],"wp:attachment":[{"href":"https:\/\/www.strefaluksusu.pl\/blog\/wp-json\/wp\/v2\/media?parent=9"}],"curies":[{"name":"wp","href":"https:\/\/api.w.org\/{rel}","templated":true}]}}